{"id":863,"date":"2018-06-23T11:38:06","date_gmt":"2018-06-23T10:38:06","guid":{"rendered":"http:\/\/www.poisvilliers.fr\/?page_id=863"},"modified":"2018-06-23T12:14:51","modified_gmt":"2018-06-23T11:14:51","slug":"plan-local-durbanisme-approuve-le-21-fevrier-2018","status":"publish","type":"page","link":"http:\/\/www.poisvilliers.fr\/?page_id=863","title":{"rendered":"Plan Local d&rsquo;Urbanisme approuv\u00e9 le 21 f\u00e9vrier 2018"},"content":{"rendered":"<p><a href=\"http:\/\/www.poisvilliers.fr\/wp-content\/uploads\/2018\/06\/Page-de-garde.pdf\" target=\"_blank\" rel=\"noopener\">Page de garde<\/a><\/p>\n<p><a href=\"http:\/\/www.poisvilliers.fr\/wp-content\/uploads\/2018\/06\/Sommaire.pdf\" target=\"_blank\" rel=\"noopener\">Sommaire<\/a><\/p>\n<p><a href=\"http:\/\/www.poisvilliers.fr\/wp-content\/uploads\/2018\/06\/1.-D\u00e9lib\u00e9rations-et-arr\u00eat\u00e9s.pdf\" target=\"_blank\" rel=\"noopener\">D\u00e9lib\u00e9rations et arr\u00eat\u00e9s<\/a><\/p>\n<p><a href=\"http:\/\/www.poisvilliers.fr\/wp-content\/uploads\/2018\/06\/2.-Rapport-de-pr\u00e9sentation.pdf\" target=\"_blank\" rel=\"noopener\">Rapport de pr\u00e9sentation<\/a><\/p>\n<p><a href=\"http:\/\/www.poisvilliers.fr\/wp-content\/uploads\/2018\/06\/3a.-Projet-dAm\u00e9nagement-et-de-D\u00e9veloppement-Durables.pdf\" target=\"_blank\" rel=\"noopener\">3a. Projet d&rsquo;Am\u00e9nagement et de D\u00e9veloppement Durables<\/a><\/p>\n<p><a href=\"http:\/\/www.poisvilliers.fr\/wp-content\/uploads\/2018\/06\/3b.-Orientations-dam\u00e9nagement-et-de-programmation.pdf\" target=\"_blank\" rel=\"noopener\">3b. Orientations d&rsquo;am\u00e9nagement et de programmation<\/a><\/p>\n<p><a href=\"http:\/\/www.poisvilliers.fr\/wp-content\/uploads\/2018\/06\/4.1-R\u00e8glement.pdf\" target=\"_blank\" rel=\"noopener\">4.1 R\u00e8glement<\/a><\/p>\n<p><a href=\"http:\/\/www.poisvilliers.fr\/wp-content\/uploads\/2018\/06\/4.2-Annexe-r\u00e9glementaire-recommandations-architecturales.pdf\" target=\"_blank\" rel=\"noopener\">4.2 Annexe r\u00e9glementaire &#8211; recommandations architecturales<\/a><\/p>\n<p><a href=\"http:\/\/www.poisvilliers.fr\/wp-content\/uploads\/2018\/06\/5.1-Plan-de-zonage-la-commune.pdf\" target=\"_blank\" rel=\"noopener\">5.1 Plan de zonage &#8211; la commune<\/a><\/p>\n<p><a href=\"http:\/\/www.poisvilliers.fr\/wp-content\/uploads\/2018\/06\/5.2-Plan-de-zonage-le-bourg.pdf\" target=\"_blank\" rel=\"noopener\">5.2 Plan de zonage &#8211; le bourg<\/a><\/p>\n<p><a href=\"http:\/\/www.poisvilliers.fr\/wp-content\/uploads\/2018\/06\/6.1-Liste-et-fiches-des-servitudes-dutilit\u00e9-publique.pdf\" target=\"_blank\" rel=\"noopener\">6.1 Liste et fiches des servitudes d&rsquo;utilit\u00e9 publique<\/a><\/p>\n<p><a href=\"http:\/\/www.poisvilliers.fr\/wp-content\/uploads\/2018\/06\/6.2-Plan-des-servitudes-dutilit\u00e9-publique.pdf\" target=\"_blank\" rel=\"noopener\">6.2 Plan des servitudes d&rsquo;utilit\u00e9 publique<\/a><\/p>\n<p><a href=\"http:\/\/www.poisvilliers.fr\/wp-content\/uploads\/2018\/06\/7.1-Liste-et-fiches-des-contraintes.pdf\" target=\"_blank\" rel=\"noopener\">7.1 Liste et fiches des contraintes<\/a><\/p>\n<p><a href=\"http:\/\/www.poisvilliers.fr\/wp-content\/uploads\/2018\/06\/7.2-Plan-des-contraintes.pdf\" target=\"_blank\" rel=\"noopener\">7.2 Plan des contraintes<\/a><\/p>\n<p><a href=\"http:\/\/www.poisvilliers.fr\/wp-content\/uploads\/2018\/06\/8.1.1-Notice-technique.pdf\" target=\"_blank\" rel=\"noopener\">8.1.1 Notice technique<\/a><\/p>\n<p><a href=\"http:\/\/www.poisvilliers.fr\/wp-content\/uploads\/2018\/06\/8.1.2-Plan-dadduction-deau-potable.pdf\" target=\"_blank\" rel=\"noopener\">8.1.2 Plan d&rsquo;adduction d&rsquo;eau potable<\/a><\/p>\n<p><a href=\"http:\/\/www.poisvilliers.fr\/wp-content\/uploads\/2018\/06\/8.1.3-Plan-dassainissement.pdf\" target=\"_blank\" rel=\"noopener\">8.1.3 Plan d&rsquo;assainissement<\/a><\/p>\n<p><a href=\"http:\/\/www.poisvilliers.fr\/wp-content\/uploads\/2018\/06\/8.1.4-Plan-du-r\u00e9seau-gaz.pdf\" target=\"_blank\" rel=\"noopener\">8.1.4 Plan du r\u00e9seau gaz<\/a><\/p>\n<p><a href=\"http:\/\/www.poisvilliers.fr\/wp-content\/uploads\/2018\/06\/8.2-Annexes-documentaires.pdf\" target=\"_blank\" rel=\"noopener\">8.2 Annexes documentaires<\/a><\/p>\n<p><a href=\"http:\/\/www.poisvilliers.fr\/wp-content\/uploads\/2018\/06\/9.-Avis-des-services.pdf\" target=\"_blank\" rel=\"noopener\">Avis des services<\/a><\/p>\n","protected":false},"excerpt":{"rendered":"<p>Page de garde Sommaire D\u00e9lib\u00e9rations et arr\u00eat\u00e9s Rapport de pr\u00e9sentation 3a. Projet d&rsquo;Am\u00e9nagement et de D\u00e9veloppement Durables 3b. Orientations d&rsquo;am\u00e9nagement et de programmation 4.1 R\u00e8glement 4.2 Annexe r\u00e9glementaire &#8211; recommandations &hellip; <a class=\"readmore\" href=\"http:\/\/www.poisvilliers.fr\/?page_id=863\">Continue Reading &rarr;<\/a><\/p>\n","protected":false},"author":1,"featured_media":0,"parent":0,"menu_order":0,"comment_status":"closed","ping_status":"closed","template":"","meta":[],"_links":{"self":[{"href":"http:\/\/www.poisvilliers.fr\/index.php?rest_route=\/wp\/v2\/pages\/863"}],"collection":[{"href":"http:\/\/www.poisvilliers.fr\/index.php?rest_route=\/wp\/v2\/pages"}],"about":[{"href":"http:\/\/www.poisvilliers.fr\/index.php?rest_route=\/wp\/v2\/types\/page"}],"author":[{"embeddable":true,"href":"http:\/\/www.poisvilliers.fr\/index.php?rest_route=\/wp\/v2\/users\/1"}],"replies":[{"embeddable":true,"href":"http:\/\/www.poisvilliers.fr\/index.php?rest_route=%2Fwp%2Fv2%2Fcomments&post=863"}],"version-history":[{"count":4,"href":"http:\/\/www.poisvilliers.fr\/index.php?rest_route=\/wp\/v2\/pages\/863\/revisions"}],"predecessor-version":[{"id":891,"href":"http:\/\/www.poisvilliers.fr\/index.php?rest_route=\/wp\/v2\/pages\/863\/revisions\/891"}],"wp:attachment":[{"href":"http:\/\/www.poisvilliers.fr\/index.php?rest_route=%2Fwp%2Fv2%2Fmedia&parent=863"}],"curies":[{"name":"wp","href":"https:\/\/api.w.org\/{rel}","templated":true}]}}