{"id":67,"date":"2014-08-24T22:52:53","date_gmt":"2014-08-24T21:52:53","guid":{"rendered":"http:\/\/localhost\/Poisvilliers\/?page_id=67"},"modified":"2015-07-22T15:14:27","modified_gmt":"2015-07-22T14:14:27","slug":"demarches-administratives","status":"publish","type":"page","link":"http:\/\/www.poisvilliers.fr\/?page_id=67","title":{"rendered":"D\u00e9marches Administratives"},"content":{"rendered":"<h3 style=\"text-align: center;\"><\/h3>\n<p class=\"hide-if-no-js\"><a id=\"set-post-thumbnail\" class=\"thickbox\" title=\"Mettre une image \u00e0 la Une\" href=\"http:\/\/poisvillnq.cluster011.ovh.net\/wp-admin\/media-upload.php?post_id=67&amp;type=image&amp;TB_iframe=1\"><img loading=\"lazy\" class=\"attachment-post-thumbnail aligncenter\" src=\"http:\/\/poisvillnq.cluster011.ovh.net\/wp-content\/uploads\/2015\/07\/DEMARCHES-ADMINISTRATIVES-4-210x117.jpg\" alt=\"DEMARCHES-ADMINISTRATIVES-4\" width=\"210\" height=\"117\" \/><\/a><\/p>\n<h3 style=\"text-align: center;\"><strong>D\u00e9c\u00e8s<\/strong><\/h3>\n<p style=\"text-align: center;\"><em><span style=\"text-decoration: underline;\">Pi\u00e8ces \u00e0 fournir:<\/span><\/em><\/p>\n<p style=\"text-align: center;\"><em>&#8211; Livret de famille du d\u00e9funt<\/em><br \/>\n<em> &#8211; Certificat de d\u00e9c\u00e8s d\u00e9livr\u00e9 par le m\u00e9decin<\/em><br \/>\n<em> &#8211; Pi\u00e8ce d&rsquo;identit\u00e9 (du d\u00e9clarant)<\/em><br \/>\n<em> &#8211; Justificatif de domicile (du d\u00e9clarant)<\/em><\/p>\n<h3 style=\"text-align: center;\"><strong>Reconnaissance<\/strong><\/h3>\n<p style=\"text-align: center;\">C<em>&lsquo;est une d\u00e9marche volontaire et officielle ayant pour but d&rsquo;\u00e9tablir la filiation maternelle et paternelle d&rsquo;un enfant naturel.<\/em><\/p>\n<h4 style=\"text-align: center;\"><strong>\u00a0\u00a0\u00a0\u00a0 Avant la naissance <\/strong><\/h4>\n<p style=\"text-align: center;\"><span style=\"text-decoration: underline;\">Pi\u00e8ces \u00e0 fournir:<\/span><\/p>\n<p style=\"text-align: center;\"><em>&#8211; la reconnaissance par la m\u00e8re<\/em><br \/>\n<em> &#8211; la reconnaissance par le p\u00e8re<\/em><br \/>\n<em> &#8211; la reconnaissance conjointe (p\u00e8re et m\u00e8re)<\/em><\/p>\n<h4 style=\"text-align: center;\"><strong>\u00a0\u00a0\u00a0 Apr\u00e8s la naissance<\/strong><\/h4>\n<p style=\"text-align: center;\"><span style=\"text-decoration: underline;\">Pi\u00e8ces \u00e0 fournir:<\/span><\/p>\n<p style=\"text-align: center;\"><em>&#8211; la reconnaissance par la m\u00e8re<\/em><br \/>\n<em> &#8211; la reconnaissance par le p\u00e8re<\/em><br \/>\n<em> &#8211; la reconnaissance conjointe (p\u00e8re et m\u00e8re)<\/em><\/p>\n<h3 style=\"text-align: center;\"><strong>Duplicata du livret de famille<\/strong><\/h3>\n<p style=\"text-align: center;\">Remplir un formulaire \u00e0 la mairie du lieu du mariage ou du domicile.<\/p>\n<h3 style=\"text-align: center;\"><strong>Mariage<\/strong><\/h3>\n<p style=\"text-align: center;\">Le dossier est \u00e0 retirer \u00e0 la mairie.<\/p>\n<p style=\"text-align: center;\"><span style=\"text-decoration: underline;\">Pi\u00e8ces \u00e0 fournir:<\/span><br \/>\n&#8211; <em>carte d&rsquo;identit\u00e9 des futurs \u00e9poux<\/em><br \/>\n<em> &#8211; justificatif de domicile<\/em><br \/>\n<em> &#8211; informations relatives aux t\u00e9moins ( nom, pr\u00e9noms, date et lieu de naissance, domicile et profession)<\/em><br \/>\n<em> &#8211; une copie int\u00e9grale de l&rsquo;acte de naissance: de moins de 3 mois, si la naissance a eu lieu en France et de moins de 6 mois si l&rsquo;acte est d\u00e9livr\u00e9 dans un consulat<\/em><br \/>\n<em> &#8211; si les futurs \u00e9poux ont conclu un contrat de mariage: certificat du notaire<\/em><br \/>\n<em> &#8211; pour les personnes de nationalit\u00e9 \u00e9trang\u00e8re: des pi\u00e8ces sp\u00e9cifiques peuvent \u00eatre demand\u00e9es en fonction de chaque nationalit\u00e9 ( se renseigner \u00e0 la mairie ou au consulat)<\/em><\/p>\n","protected":false},"excerpt":{"rendered":"<p>D\u00e9c\u00e8s Pi\u00e8ces \u00e0 fournir: &#8211; Livret de famille du d\u00e9funt &#8211; Certificat de d\u00e9c\u00e8s d\u00e9livr\u00e9 par le m\u00e9decin &#8211; Pi\u00e8ce d&rsquo;identit\u00e9 (du d\u00e9clarant) &#8211; Justificatif de domicile (du d\u00e9clarant) Reconnaissance &hellip; <a class=\"readmore\" href=\"http:\/\/www.poisvilliers.fr\/?page_id=67\">Continue Reading &rarr;<\/a><\/p>\n","protected":false},"author":1,"featured_media":0,"parent":0,"menu_order":0,"comment_status":"closed","ping_status":"open","template":"","meta":[],"_links":{"self":[{"href":"http:\/\/www.poisvilliers.fr\/index.php?rest_route=\/wp\/v2\/pages\/67"}],"collection":[{"href":"http:\/\/www.poisvilliers.fr\/index.php?rest_route=\/wp\/v2\/pages"}],"about":[{"href":"http:\/\/www.poisvilliers.fr\/index.php?rest_route=\/wp\/v2\/types\/page"}],"author":[{"embeddable":true,"href":"http:\/\/www.poisvilliers.fr\/index.php?rest_route=\/wp\/v2\/users\/1"}],"replies":[{"embeddable":true,"href":"http:\/\/www.poisvilliers.fr\/index.php?rest_route=%2Fwp%2Fv2%2Fcomments&post=67"}],"version-history":[{"count":9,"href":"http:\/\/www.poisvilliers.fr\/index.php?rest_route=\/wp\/v2\/pages\/67\/revisions"}],"predecessor-version":[{"id":1478,"href":"http:\/\/www.poisvilliers.fr\/index.php?rest_route=\/wp\/v2\/pages\/67\/revisions\/1478"}],"wp:attachment":[{"href":"http:\/\/www.poisvilliers.fr\/index.php?rest_route=%2Fwp%2Fv2%2Fmedia&parent=67"}],"curies":[{"name":"wp","href":"https:\/\/api.w.org\/{rel}","templated":true}]}}