{"id":1621,"date":"2023-10-05T09:57:02","date_gmt":"2023-10-05T08:57:02","guid":{"rendered":"http:\/\/www.poisvilliers.fr\/?page_id=1621"},"modified":"2023-10-05T09:58:18","modified_gmt":"2023-10-05T08:58:18","slug":"2022-2","status":"publish","type":"page","link":"http:\/\/www.poisvilliers.fr\/?page_id=1621","title":{"rendered":"2022"},"content":{"rendered":"\n<p><a href=\"http:\/\/www.poisvilliers.fr\/wp-content\/uploads\/2022\/11\/2022-015-BUDGET-Frais-pot-de-depart-CM2-commune-de-Ber_cheres-Saint-Germain-1.pdf\">2022-015 BUDGET Frais pot de d\u00e9part CM2 commune de Ber_ch\u00e8res Saint Germain<\/a><\/p>\n\n\n\n<p><a href=\"http:\/\/www.poisvilliers.fr\/wp-content\/uploads\/2022\/11\/2022-016-BUDGET-Location-parcelle-de-jardin-ZH15-1.pdf\">2022-016 BUDGET Location parcelle de jardin ZH15<\/a><\/p>\n\n\n\n<p><a href=\"http:\/\/www.poisvilliers.fr\/wp-content\/uploads\/2022\/11\/2022-017-PREFECTURE-Dematerialisation-@ctes-Conventi_on-avec-la-prefecture-et-contrat-avec-prestataire-1.pdf\">2022-017 PREFECTURE D\u00e9mat\u00e9rialisation @ctes-Conventi_on avec la pr\u00e9fecture et contrat avec prestataire<\/a><\/p>\n\n\n\n<p><a href=\"http:\/\/www.poisvilliers.fr\/wp-content\/uploads\/2022\/12\/2022-017-PREFECTURE-Dematerialisation-@ctes-Conventi_on-avec-la-prefecture-et-contrat-avec-prestataire.pdf\" data-type=\"attachment\" data-id=\"1425\">2022-017-PREFECTURE-Dematerialisation-@ctes-Conventi_on-avec-la-prefecture-et-contrat-avec-prestataire<\/a><\/p>\n\n\n\n<p><a href=\"http:\/\/www.poisvilliers.fr\/wp-content\/uploads\/2022\/12\/2022-019-CHARTRES-METROPOLE-Rapport-dobservations-defin-itif-de-la-Chambre-des-comptes-regionale-Chartres-metr-opole.pdf\">2022-019-CHARTRES-METROPOLE-Rapport-dobservations-defin-itif-de-la-Chambre-des-comptes-regionale-Chartres-metr-opole<\/a><\/p>\n\n\n\n<p><a href=\"http:\/\/www.poisvilliers.fr\/wp-content\/uploads\/2022\/12\/2022-021-PERSONNEL-Adhesion-a-la-convention-de-partici_pation-sante-CDG-28.pdf\">2022-021-PERSONNEL-Adhesion-a-la-convention-de-partici_pation-sante-CDG-28<\/a><\/p>\n\n\n\n<p><a href=\"http:\/\/www.poisvilliers.fr\/wp-content\/uploads\/2022\/12\/2022-022-CORRESPONDANTS-Incendie-et-securite.pdf\">2022-022-CORRESPONDANTS-Incendie-et-securite<\/a><\/p>\n\n\n\n<p><a href=\"http:\/\/www.poisvilliers.fr\/wp-content\/uploads\/2022\/12\/2022-058-ADS-DELEGATION-SIGNATURE.pdf\">2022-058-ADS-DELEGATION-SIGNATURE<\/a><\/p>\n\n\n\n<p><a href=\"http:\/\/www.poisvilliers.fr\/wp-content\/uploads\/2022\/11\/LISTE-DELIBERATIONS-15-11-2022.pdf\">LISTE-DELIBERATIONS-15-11-2022<\/a><\/p>\n\n\n\n<p><\/p>\n","protected":false},"excerpt":{"rendered":"<p>2022-015 BUDGET Frais pot de d\u00e9part CM2 commune de Ber_ch\u00e8res Saint Germain 2022-016 BUDGET Location parcelle de jardin ZH15 2022-017 PREFECTURE D\u00e9mat\u00e9rialisation @ctes-Conventi_on avec la pr\u00e9fecture et contrat avec prestataire &hellip; <a class=\"readmore\" href=\"http:\/\/www.poisvilliers.fr\/?page_id=1621\">Continue Reading &rarr;<\/a><\/p>\n","protected":false},"author":3,"featured_media":0,"parent":0,"menu_order":0,"comment_status":"closed","ping_status":"closed","template":"","meta":[],"_links":{"self":[{"href":"http:\/\/www.poisvilliers.fr\/index.php?rest_route=\/wp\/v2\/pages\/1621"}],"collection":[{"href":"http:\/\/www.poisvilliers.fr\/index.php?rest_route=\/wp\/v2\/pages"}],"about":[{"href":"http:\/\/www.poisvilliers.fr\/index.php?rest_route=\/wp\/v2\/types\/page"}],"author":[{"embeddable":true,"href":"http:\/\/www.poisvilliers.fr\/index.php?rest_route=\/wp\/v2\/users\/3"}],"replies":[{"embeddable":true,"href":"http:\/\/www.poisvilliers.fr\/index.php?rest_route=%2Fwp%2Fv2%2Fcomments&post=1621"}],"version-history":[{"count":2,"href":"http:\/\/www.poisvilliers.fr\/index.php?rest_route=\/wp\/v2\/pages\/1621\/revisions"}],"predecessor-version":[{"id":1625,"href":"http:\/\/www.poisvilliers.fr\/index.php?rest_route=\/wp\/v2\/pages\/1621\/revisions\/1625"}],"wp:attachment":[{"href":"http:\/\/www.poisvilliers.fr\/index.php?rest_route=%2Fwp%2Fv2%2Fmedia&parent=1621"}],"curies":[{"name":"wp","href":"https:\/\/api.w.org\/{rel}","templated":true}]}}