{"id":157,"date":"2014-09-03T22:24:09","date_gmt":"2014-09-03T21:24:09","guid":{"rendered":"http:\/\/localhost\/Poisvilliers\/?page_id=157"},"modified":"2021-02-19T09:46:14","modified_gmt":"2021-02-19T08:46:14","slug":"histoire-de-posivilliers-seconde-guerre-mondiale","status":"publish","type":"page","link":"http:\/\/www.poisvilliers.fr\/?page_id=157","title":{"rendered":"Histoire de Poisvilliers (seconde guerre mondiale)"},"content":{"rendered":"<p><a href=\"http:\/\/poisvillnq.cluster011.ovh.net\/wp-content\/uploads\/2014\/09\/histoire1.png\"><img loading=\"lazy\" class=\"alignleft wp-image-158 size-medium\" src=\"http:\/\/poisvillnq.cluster011.ovh.net\/wp-content\/uploads\/2014\/09\/histoire1-300x32.png\" alt=\"\" width=\"300\" height=\"32\" srcset=\"http:\/\/www.poisvilliers.fr\/wp-content\/uploads\/2014\/09\/histoire1-300x32.png 300w, http:\/\/www.poisvilliers.fr\/wp-content\/uploads\/2014\/09\/histoire1-1024x111.png 1024w, http:\/\/www.poisvilliers.fr\/wp-content\/uploads\/2014\/09\/histoire1-210x22.png 210w, http:\/\/www.poisvilliers.fr\/wp-content\/uploads\/2014\/09\/histoire1.png 1115w\" sizes=\"(max-width: 300px) 100vw, 300px\" \/><\/a><\/p>\n<p>&nbsp;<\/p>\n<p>&nbsp;<\/p>\n<p>Un bombardier am\u00e9ricain tombe \u00e0 Poisvilliers<br \/>\nLe 1er Aout 1944, 1014 quadrimoteurs et 397 chasseurs d\u2019escorte de la 8\u00e9me Air Force Am\u00e9ricaine d\u00e9collent d\u2019Angletterre !<br \/>\nChartres, Ch\u00e2teaudun et Orl\u00e9ans figurent d\u00e9sormais parmi les objectifs prioritaires des bombardiers.<br \/>\n58 \u00ab\u00a0Forteresse volantes\u00a0\u00bb B-17 ont pour cible l\u2019a\u00e9rodrome de Chartres tandis que 36 autres doivent attaquer les ponts permettant de traverser la ville.<br \/>\nVers midi, une premi\u00e8re vague de bombardiers d\u00e9colla donc d&rsquo;Angleterre avec comme objectif de bombarder Chartres. Le B-17 (Nr 42-39873) pilot\u00e9 par le 1er Lt G\u00e9rard J. MELOFCHICK, et appartenant au 615th Bomber Squadron du401 St Bomber Group participa \u00e0 cette formation et d\u00e9colla de Deenthorpe, un a\u00e9rodrome au Nord-Ouest de Cambridge.<br \/>\nVers 14h45, dans le ciel nuageux \u00e0 27 000 pieds d\u2019altitude, les bombardiers am\u00e9ricains approchent de la ville de Chartres et s\u2019appr\u00eatent \u00e0 larguer leurs bombes sur le terrain d\u2019aviation allemand. Toutefois, les trois batteries de la DCA allemande install\u00e9e \u00e0 Mainvilliers se montrent tr\u00e8s actives et r\u00e9ussissent \u00e0 toucher de plein fouet un des bombardiers. Ce bombardier est celui du 1er Lt G\u00e9rard J. MELOFCHICK qui se coupe alors en deux parties. Un t\u00e9moin fran\u00e7ais (Pierre DOUBLET) pr\u00e9cise: \u00ab\u00a0Une forteresse partie en \u00e9clats, laissa \u00e0 sa place un nuage de fum\u00e9e noire. D\u00e9s d\u00e9bris de la queue tomb\u00e8rent dans le bois du rigeard alors que l\u2019avion plongeait en direction de la route de Dreux\u00a0\u00bb. Au cours de sa chute, le B-17 heurte la forteresse volante pilot\u00e9 par le lieutenant R.SPROUL.<br \/>\nLes corps furent \u00e9vacu\u00e9s par les allemands sauf 2 que les habitants du village retrouv\u00e8rent dans un champ de bl\u00e9 quelques jours apr\u00e8s le crash. Ils seront enterr\u00e9s au cimeti\u00e8re de Poisvilliers. Apr\u00e8s guerre, ils seront relev\u00e9s pour rejoindre leurs camarades au cimeti\u00e8re am\u00e9ricain de Saint-Laurent-sur-Mer<a href=\"http:\/\/poisvillnq.cluster011.ovh.net\/wp-content\/uploads\/2014\/09\/histoire2.gif\"><img loading=\"lazy\" class=\"alignleft wp-image-159 size-medium\" src=\"http:\/\/poisvillnq.cluster011.ovh.net\/wp-content\/uploads\/2014\/09\/histoire2-300x225.gif\" alt=\"\" width=\"300\" height=\"225\" srcset=\"http:\/\/www.poisvilliers.fr\/wp-content\/uploads\/2014\/09\/histoire2-300x225.gif 300w, http:\/\/www.poisvilliers.fr\/wp-content\/uploads\/2014\/09\/histoire2-210x157.gif 210w\" sizes=\"(max-width: 300px) 100vw, 300px\" \/><\/a>.<\/p>\n<p>&nbsp;<\/p>\n<p><a href=\"http:\/\/poisvillnq.cluster011.ovh.net\/wp-content\/uploads\/2014\/09\/histoire3.png\"><img loading=\"lazy\" class=\"alignleft wp-image-160 size-medium\" src=\"http:\/\/poisvillnq.cluster011.ovh.net\/wp-content\/uploads\/2014\/09\/histoire3-300x69.png\" alt=\"\" width=\"300\" height=\"69\" srcset=\"http:\/\/www.poisvilliers.fr\/wp-content\/uploads\/2014\/09\/histoire3-300x69.png 300w, http:\/\/www.poisvilliers.fr\/wp-content\/uploads\/2014\/09\/histoire3-210x48.png 210w, http:\/\/www.poisvilliers.fr\/wp-content\/uploads\/2014\/09\/histoire3.png 539w\" sizes=\"(max-width: 300px) 100vw, 300px\" \/><\/a><\/p>\n<p>\u00ab\u00a0<em>A noter qu\u2019habituellement, le sergent MAPES \u00e9tait mitrailleur dans le B-17 du Lt SPROUL et que ce jour l\u00e0, le mitrailleur du Lt MILOFCHICK n\u2019\u00e9tait pas rentr\u00e9 de permission. Le sergent MAPES fut alors volontaire pour le remplacer exceptionnellement et rejoindre l\u2019\u00e9quipage de M MILOFCHICK. Cela lui sauva la vie\u00a0\u00bb<\/em><\/p>\n<p>&nbsp;<\/p>\n","protected":false},"excerpt":{"rendered":"<p>&nbsp; &nbsp; Un bombardier am\u00e9ricain tombe \u00e0 Poisvilliers Le 1er Aout 1944, 1014 quadrimoteurs et 397 chasseurs d\u2019escorte de la 8\u00e9me Air Force Am\u00e9ricaine d\u00e9collent d\u2019Angletterre ! Chartres, Ch\u00e2teaudun et &hellip; <a class=\"readmore\" href=\"http:\/\/www.poisvilliers.fr\/?page_id=157\">Continue Reading &rarr;<\/a><\/p>\n","protected":false},"author":1,"featured_media":0,"parent":0,"menu_order":0,"comment_status":"closed","ping_status":"open","template":"","meta":[],"_links":{"self":[{"href":"http:\/\/www.poisvilliers.fr\/index.php?rest_route=\/wp\/v2\/pages\/157"}],"collection":[{"href":"http:\/\/www.poisvilliers.fr\/index.php?rest_route=\/wp\/v2\/pages"}],"about":[{"href":"http:\/\/www.poisvilliers.fr\/index.php?rest_route=\/wp\/v2\/types\/page"}],"author":[{"embeddable":true,"href":"http:\/\/www.poisvilliers.fr\/index.php?rest_route=\/wp\/v2\/users\/1"}],"replies":[{"embeddable":true,"href":"http:\/\/www.poisvilliers.fr\/index.php?rest_route=%2Fwp%2Fv2%2Fcomments&post=157"}],"version-history":[{"count":4,"href":"http:\/\/www.poisvilliers.fr\/index.php?rest_route=\/wp\/v2\/pages\/157\/revisions"}],"predecessor-version":[{"id":998,"href":"http:\/\/www.poisvilliers.fr\/index.php?rest_route=\/wp\/v2\/pages\/157\/revisions\/998"}],"wp:attachment":[{"href":"http:\/\/www.poisvilliers.fr\/index.php?rest_route=%2Fwp%2Fv2%2Fmedia&parent=157"}],"curies":[{"name":"wp","href":"https:\/\/api.w.org\/{rel}","templated":true}]}}