{"id":108,"date":"2014-09-03T21:51:01","date_gmt":"2014-09-03T20:51:01","guid":{"rendered":"http:\/\/localhost\/Poisvilliers\/?page_id=108"},"modified":"2021-01-25T10:49:42","modified_gmt":"2021-01-25T09:49:42","slug":"le-conseil-municipal","status":"publish","type":"page","link":"http:\/\/www.poisvilliers.fr\/?page_id=108","title":{"rendered":"Le conseil municipal"},"content":{"rendered":"<h1><\/h1>\n<h3>Marie BOURGEOT (Maire)<\/h3>\n<p class=\"hide-if-no-js\"><a href=\"http:\/\/www.poisvilliers.fr\/wp-content\/uploads\/2021\/01\/IMG_7708.jpg\"><img loading=\"lazy\" class=\"alignnone size-medium wp-image-899\" src=\"http:\/\/www.poisvilliers.fr\/wp-content\/uploads\/2021\/01\/IMG_7708-200x300.jpg\" alt=\"\" width=\"200\" height=\"300\" srcset=\"http:\/\/www.poisvilliers.fr\/wp-content\/uploads\/2021\/01\/IMG_7708-200x300.jpg 200w, http:\/\/www.poisvilliers.fr\/wp-content\/uploads\/2021\/01\/IMG_7708-768x1152.jpg 768w, http:\/\/www.poisvilliers.fr\/wp-content\/uploads\/2021\/01\/IMG_7708-683x1024.jpg 683w, http:\/\/www.poisvilliers.fr\/wp-content\/uploads\/2021\/01\/IMG_7708-140x210.jpg 140w\" sizes=\"(max-width: 200px) 100vw, 200px\" \/><\/a><\/p>\n<h3>Fabrice DIEU (Premier Adjoint)<\/h3>\n<p class=\"hide-if-no-js\"><a href=\"http:\/\/www.poisvilliers.fr\/wp-content\/uploads\/2021\/01\/IMG_7723.jpg\"><img loading=\"lazy\" class=\"alignnone size-medium wp-image-900\" src=\"http:\/\/www.poisvilliers.fr\/wp-content\/uploads\/2021\/01\/IMG_7723-200x300.jpg\" alt=\"\" width=\"200\" height=\"300\" srcset=\"http:\/\/www.poisvilliers.fr\/wp-content\/uploads\/2021\/01\/IMG_7723-200x300.jpg 200w, http:\/\/www.poisvilliers.fr\/wp-content\/uploads\/2021\/01\/IMG_7723-768x1152.jpg 768w, http:\/\/www.poisvilliers.fr\/wp-content\/uploads\/2021\/01\/IMG_7723-683x1024.jpg 683w, http:\/\/www.poisvilliers.fr\/wp-content\/uploads\/2021\/01\/IMG_7723-140x210.jpg 140w\" sizes=\"(max-width: 200px) 100vw, 200px\" \/><\/a><\/p>\n<h3>Thierry PASCAL (Deuxi\u00e8me Adjoint)<\/h3>\n<p class=\"hide-if-no-js\"><a href=\"http:\/\/www.poisvilliers.fr\/wp-content\/uploads\/2021\/01\/IMG_7728.jpg\"><img loading=\"lazy\" class=\"alignnone size-medium wp-image-907\" src=\"http:\/\/www.poisvilliers.fr\/wp-content\/uploads\/2021\/01\/IMG_7728-196x300.jpg\" alt=\"\" width=\"196\" height=\"300\" srcset=\"http:\/\/www.poisvilliers.fr\/wp-content\/uploads\/2021\/01\/IMG_7728-196x300.jpg 196w, http:\/\/www.poisvilliers.fr\/wp-content\/uploads\/2021\/01\/IMG_7728-768x1174.jpg 768w, http:\/\/www.poisvilliers.fr\/wp-content\/uploads\/2021\/01\/IMG_7728-670x1024.jpg 670w, http:\/\/www.poisvilliers.fr\/wp-content\/uploads\/2021\/01\/IMG_7728-137x210.jpg 137w\" sizes=\"(max-width: 196px) 100vw, 196px\" \/><\/a><\/p>\n<h3>Fabienne DUPIN (Troisi\u00e8me Adjoint)<\/h3>\n<p class=\"hide-if-no-js\"><a href=\"http:\/\/www.poisvilliers.fr\/wp-content\/uploads\/2021\/01\/IMG_7726-1.jpg\"><img loading=\"lazy\" class=\"alignnone size-medium wp-image-908\" src=\"http:\/\/www.poisvilliers.fr\/wp-content\/uploads\/2021\/01\/IMG_7726-1-219x300.jpg\" alt=\"\" width=\"219\" height=\"300\" srcset=\"http:\/\/www.poisvilliers.fr\/wp-content\/uploads\/2021\/01\/IMG_7726-1-219x300.jpg 219w, http:\/\/www.poisvilliers.fr\/wp-content\/uploads\/2021\/01\/IMG_7726-1-768x1053.jpg 768w, http:\/\/www.poisvilliers.fr\/wp-content\/uploads\/2021\/01\/IMG_7726-1-747x1024.jpg 747w, http:\/\/www.poisvilliers.fr\/wp-content\/uploads\/2021\/01\/IMG_7726-1-153x210.jpg 153w\" sizes=\"(max-width: 219px) 100vw, 219px\" \/><\/a><\/p>\n<h3>Elodie CADIOU<\/h3>\n<p class=\"hide-if-no-js\"><a href=\"http:\/\/www.poisvilliers.fr\/wp-content\/uploads\/2021\/01\/IMG_7732.jpg\"><img loading=\"lazy\" class=\"alignnone size-medium wp-image-909\" src=\"http:\/\/www.poisvilliers.fr\/wp-content\/uploads\/2021\/01\/IMG_7732-209x300.jpg\" alt=\"\" width=\"209\" height=\"300\" srcset=\"http:\/\/www.poisvilliers.fr\/wp-content\/uploads\/2021\/01\/IMG_7732-209x300.jpg 209w, http:\/\/www.poisvilliers.fr\/wp-content\/uploads\/2021\/01\/IMG_7732-768x1104.jpg 768w, http:\/\/www.poisvilliers.fr\/wp-content\/uploads\/2021\/01\/IMG_7732-712x1024.jpg 712w, http:\/\/www.poisvilliers.fr\/wp-content\/uploads\/2021\/01\/IMG_7732-146x210.jpg 146w\" sizes=\"(max-width: 209px) 100vw, 209px\" \/><\/a><\/p>\n<h3>St\u00e9phanie JEULIN<\/h3>\n<p class=\"hide-if-no-js\"><a href=\"http:\/\/www.poisvilliers.fr\/wp-content\/uploads\/2021\/01\/IMG_7730.jpg\"><img loading=\"lazy\" class=\"alignnone size-medium wp-image-910\" src=\"http:\/\/www.poisvilliers.fr\/wp-content\/uploads\/2021\/01\/IMG_7730-210x300.jpg\" alt=\"\" width=\"210\" height=\"300\" srcset=\"http:\/\/www.poisvilliers.fr\/wp-content\/uploads\/2021\/01\/IMG_7730-210x300.jpg 210w, http:\/\/www.poisvilliers.fr\/wp-content\/uploads\/2021\/01\/IMG_7730-768x1097.jpg 768w, http:\/\/www.poisvilliers.fr\/wp-content\/uploads\/2021\/01\/IMG_7730-717x1024.jpg 717w, http:\/\/www.poisvilliers.fr\/wp-content\/uploads\/2021\/01\/IMG_7730-147x210.jpg 147w\" sizes=\"(max-width: 210px) 100vw, 210px\" \/><\/a><\/p>\n<h3>Mathilde PELL\u00c9<\/h3>\n<p class=\"hide-if-no-js\"><a href=\"http:\/\/www.poisvilliers.fr\/wp-content\/uploads\/2021\/01\/IMG_7731.jpg\"><img loading=\"lazy\" class=\"alignnone size-medium wp-image-906\" src=\"http:\/\/www.poisvilliers.fr\/wp-content\/uploads\/2021\/01\/IMG_7731-213x300.jpg\" alt=\"\" width=\"213\" height=\"300\" srcset=\"http:\/\/www.poisvilliers.fr\/wp-content\/uploads\/2021\/01\/IMG_7731-213x300.jpg 213w, http:\/\/www.poisvilliers.fr\/wp-content\/uploads\/2021\/01\/IMG_7731-768x1084.jpg 768w, http:\/\/www.poisvilliers.fr\/wp-content\/uploads\/2021\/01\/IMG_7731-726x1024.jpg 726w, http:\/\/www.poisvilliers.fr\/wp-content\/uploads\/2021\/01\/IMG_7731-149x210.jpg 149w\" sizes=\"(max-width: 213px) 100vw, 213px\" \/><\/a><\/p>\n<h3>Corinne RIGAUD<\/h3>\n<p class=\"hide-if-no-js\"><a href=\"http:\/\/www.poisvilliers.fr\/wp-content\/uploads\/2021\/01\/IMG-20210124-WA0007.jpg\"><img loading=\"lazy\" class=\"alignnone size-medium wp-image-925\" src=\"http:\/\/www.poisvilliers.fr\/wp-content\/uploads\/2021\/01\/IMG-20210124-WA0007-225x300.jpg\" alt=\"\" width=\"225\" height=\"300\" srcset=\"http:\/\/www.poisvilliers.fr\/wp-content\/uploads\/2021\/01\/IMG-20210124-WA0007-225x300.jpg 225w, http:\/\/www.poisvilliers.fr\/wp-content\/uploads\/2021\/01\/IMG-20210124-WA0007-768x1024.jpg 768w, http:\/\/www.poisvilliers.fr\/wp-content\/uploads\/2021\/01\/IMG-20210124-WA0007-158x210.jpg 158w, http:\/\/www.poisvilliers.fr\/wp-content\/uploads\/2021\/01\/IMG-20210124-WA0007.jpg 1200w\" sizes=\"(max-width: 225px) 100vw, 225px\" \/><\/a><\/p>\n<h3>Philippe BRUCH<\/h3>\n<p><a href=\"http:\/\/www.poisvilliers.fr\/wp-content\/uploads\/2021\/01\/IMG_7735.jpg\"><img loading=\"lazy\" class=\"alignnone size-medium wp-image-904\" src=\"http:\/\/www.poisvilliers.fr\/wp-content\/uploads\/2021\/01\/IMG_7735-247x300.jpg\" alt=\"\" width=\"247\" height=\"300\" srcset=\"http:\/\/www.poisvilliers.fr\/wp-content\/uploads\/2021\/01\/IMG_7735-247x300.jpg 247w, http:\/\/www.poisvilliers.fr\/wp-content\/uploads\/2021\/01\/IMG_7735-768x932.jpg 768w, http:\/\/www.poisvilliers.fr\/wp-content\/uploads\/2021\/01\/IMG_7735-844x1024.jpg 844w, http:\/\/www.poisvilliers.fr\/wp-content\/uploads\/2021\/01\/IMG_7735-173x210.jpg 173w\" sizes=\"(max-width: 247px) 100vw, 247px\" \/><\/a><\/p>\n<h3>Bruno DEHAYE<\/h3>\n<p class=\"hide-if-no-js\"><a href=\"http:\/\/www.poisvilliers.fr\/wp-content\/uploads\/2021\/01\/IMG_7725.jpg\"><img loading=\"lazy\" class=\"alignnone size-medium wp-image-902\" src=\"http:\/\/www.poisvilliers.fr\/wp-content\/uploads\/2021\/01\/IMG_7725-200x300.jpg\" alt=\"\" width=\"200\" height=\"300\" srcset=\"http:\/\/www.poisvilliers.fr\/wp-content\/uploads\/2021\/01\/IMG_7725-200x300.jpg 200w, http:\/\/www.poisvilliers.fr\/wp-content\/uploads\/2021\/01\/IMG_7725-768x1152.jpg 768w, http:\/\/www.poisvilliers.fr\/wp-content\/uploads\/2021\/01\/IMG_7725-683x1024.jpg 683w, http:\/\/www.poisvilliers.fr\/wp-content\/uploads\/2021\/01\/IMG_7725-140x210.jpg 140w\" sizes=\"(max-width: 200px) 100vw, 200px\" \/><\/a><\/p>\n<h3><span style=\"font-size: 16px;\">J\u00e9r\u00f4me PIRIOU<\/span><\/h3>\n<p><a href=\"http:\/\/www.poisvilliers.fr\/wp-content\/uploads\/2021\/01\/IMG_7733.jpg\"><img loading=\"lazy\" class=\"alignnone size-medium wp-image-905\" src=\"http:\/\/www.poisvilliers.fr\/wp-content\/uploads\/2021\/01\/IMG_7733-200x300.jpg\" alt=\"\" width=\"200\" height=\"300\" srcset=\"http:\/\/www.poisvilliers.fr\/wp-content\/uploads\/2021\/01\/IMG_7733-200x300.jpg 200w, http:\/\/www.poisvilliers.fr\/wp-content\/uploads\/2021\/01\/IMG_7733-768x1152.jpg 768w, http:\/\/www.poisvilliers.fr\/wp-content\/uploads\/2021\/01\/IMG_7733-683x1024.jpg 683w, http:\/\/www.poisvilliers.fr\/wp-content\/uploads\/2021\/01\/IMG_7733-140x210.jpg 140w\" sizes=\"(max-width: 200px) 100vw, 200px\" \/><\/a><\/p>\n","protected":false},"excerpt":{"rendered":"<p>Marie BOURGEOT (Maire) Fabrice DIEU (Premier Adjoint) Thierry PASCAL (Deuxi\u00e8me Adjoint) Fabienne DUPIN (Troisi\u00e8me Adjoint) Elodie CADIOU St\u00e9phanie JEULIN Mathilde PELL\u00c9 Corinne RIGAUD Philippe BRUCH Bruno DEHAYE J\u00e9r\u00f4me PIRIOU<\/p>\n","protected":false},"author":1,"featured_media":521,"parent":0,"menu_order":0,"comment_status":"closed","ping_status":"open","template":"","meta":[],"_links":{"self":[{"href":"http:\/\/www.poisvilliers.fr\/index.php?rest_route=\/wp\/v2\/pages\/108"}],"collection":[{"href":"http:\/\/www.poisvilliers.fr\/index.php?rest_route=\/wp\/v2\/pages"}],"about":[{"href":"http:\/\/www.poisvilliers.fr\/index.php?rest_route=\/wp\/v2\/types\/page"}],"author":[{"embeddable":true,"href":"http:\/\/www.poisvilliers.fr\/index.php?rest_route=\/wp\/v2\/users\/1"}],"replies":[{"embeddable":true,"href":"http:\/\/www.poisvilliers.fr\/index.php?rest_route=%2Fwp%2Fv2%2Fcomments&post=108"}],"version-history":[{"count":9,"href":"http:\/\/www.poisvilliers.fr\/index.php?rest_route=\/wp\/v2\/pages\/108\/revisions"}],"predecessor-version":[{"id":926,"href":"http:\/\/www.poisvilliers.fr\/index.php?rest_route=\/wp\/v2\/pages\/108\/revisions\/926"}],"wp:featuredmedia":[{"embeddable":true,"href":"http:\/\/www.poisvilliers.fr\/index.php?rest_route=\/wp\/v2\/media\/521"}],"wp:attachment":[{"href":"http:\/\/www.poisvilliers.fr\/index.php?rest_route=%2Fwp%2Fv2%2Fmedia&parent=108"}],"curies":[{"name":"wp","href":"https:\/\/api.w.org\/{rel}","templated":true}]}}